{"id":20844,"date":"2020-02-25T10:18:29","date_gmt":"2020-02-25T09:18:29","guid":{"rendered":"http:\/\/www.guiding-architects.net\/?page_id=20844"},"modified":"2020-02-25T10:18:29","modified_gmt":"2020-02-25T09:18:29","slug":"feedback","status":"publish","type":"page","link":"https:\/\/old.guiding-architects.net\/fr\/feedback\/","title":{"rendered":"Feedback"},"content":{"rendered":"<div class=\"full_width\">\n   <div class=\"full-width-section full-width-shortcode\"   style=\"padding-top: px;padding-bottom: px;\">\n   <div class=\"full-width-content-wrapper\" style=\"\">\n   \n<div class=\"divider scale_init\" style=\"height:30px\" data-mobile-sf=\"60\" data-height=\"30\" data-state=\"0\"><\/div>\n<span class=\"etf header_font\" style=\"display:block;text-transform:uppercase;letter-spacing:1px;font-size:22px;line-height:31px;\">\n<p>Que pouvez-vous attendre d&rsquo;un membre de guiding-architects?<\/p>\n<\/span>\n<div class=\"divider scale_init\" style=\"height:20px\" data-mobile-sf=\"60\" data-height=\"20\" data-state=\"0\"><\/div>\n\n      <div class=\"shortcode_column pure-u-1-2 column\" style=\"margin-top:0px; \">\n        <div class=\"inner\">\n          \n<ul>\n<li>Une communication efficace et sans d\u00e9lai avant la visite.<\/li>\n<li>Un devis clair et pr\u00e9cis avec description de toutes les prestations propos\u00e9es.<\/li>\n<li>Un programme solide \u00e9tabli de fa\u00e7on professionnelle et adapt\u00e9 \u00e0 vos souhaits.<\/li>\n<\/ul>\n\n        <\/div>\n        <\/div>\n\n      <div class=\"shortcode_column pure-u-1-2 column column_last\" style=\"margin-top:0px; \">\n        <div class=\"inner\">\n          \n<ul>\n<li>Des visites organis\u00e9es de fa\u00e7on professionnelle et guid\u00e9es par des professionnels de l&rsquo;architecture et de l&rsquo;urbanisme.<\/li>\n<li>Des informations sur l&rsquo;architecture, l&rsquo;urbanisme et la culture de votre destination, qui feront de votre visite un souvenir inoubliable.<\/li>\n<\/ul>\n<p><a name=\"form\"><\/a>\n        <\/div>\n        <\/div><div class=\"clear\"><\/div>\n<div class=\"divider scale_init\" style=\"height:56px\" data-mobile-sf=\"60\" data-height=\"56\" data-state=\"0\"><\/div>\n\n   <\/div>\n   <\/div>\n   \n   <\/div>\n   \n<div class=\"full_width\">\n   <div class=\"full-width-section full-width-shortcode\"   style=\"padding-top: px;padding-bottom: px; background-color: #f5f5f5;\">\n   <div class=\"full-width-content-wrapper\" style=\"\">\n   \n\n    <div class=\"shortcode_column pure-u-2-3 column with-animation fade_in\" style=\"margin-top:0px; \" data-delay=\"200\">\n    <div class=\"inner\">\n    \n    <div class=\"extra-content-column pure-u-1\"  style=\"padding-right: 7%;\">\n    <div class=\"inner\">\n    \n<div class=\"divider scale_init\" style=\"height:69px\" data-mobile-sf=\"60\" data-height=\"69\" data-state=\"0\"><\/div>\n\n<div class=\"wpcf7 no-js\" id=\"wpcf7-f8503-o1\" lang=\"en-US\" dir=\"ltr\">\n<div class=\"screen-reader-response\"><p role=\"status\" aria-live=\"polite\" aria-atomic=\"true\"><\/p> <ul><\/ul><\/div>\n<form action=\"\/fr\/wp-json\/wp\/v2\/pages\/20844#wpcf7-f8503-o1\" method=\"post\" class=\"wpcf7-form init\" aria-label=\"Contact form\" novalidate=\"novalidate\" data-status=\"init\">\n<div style=\"display: none;\">\n<input type=\"hidden\" name=\"_wpcf7\" value=\"8503\" \/>\n<input type=\"hidden\" name=\"_wpcf7_version\" value=\"5.9.8\" \/>\n<input type=\"hidden\" name=\"_wpcf7_locale\" value=\"en_US\" \/>\n<input type=\"hidden\" name=\"_wpcf7_unit_tag\" value=\"wpcf7-f8503-o1\" \/>\n<input type=\"hidden\" name=\"_wpcf7_container_post\" value=\"0\" \/>\n<input type=\"hidden\" name=\"_wpcf7_posted_data_hash\" value=\"\" \/>\n<input type=\"hidden\" name=\"_wpcf7dtx_version\" value=\"4.5.0\" \/>\n<input type=\"hidden\" name=\"_wpcf7_recaptcha_response\" value=\"\" \/>\n<\/div>\n<h4>Votre Visite\n<\/h4>\n<p>Destination\n<\/p>\n<p><span class=\"wpcf7-form-control-wrap\" data-name=\"destination\"><input size=\"40\" maxlength=\"400\" class=\"wpcf7-form-control wpcf7-text wpcf7-validates-as-required\" aria-required=\"true\" aria-invalid=\"false\" value=\"\" type=\"text\" name=\"destination\" \/><\/span>\n<\/p>\n<p>Date de votre visite\n<\/p>\n<p><span class=\"wpcf7-form-control-wrap\" data-name=\"tour-dates\"><input size=\"40\" maxlength=\"400\" class=\"wpcf7-form-control wpcf7-text wpcf7-validates-as-required\" aria-required=\"true\" aria-invalid=\"false\" value=\"\" type=\"text\" name=\"tour-dates\" \/><\/span>\n<\/p>\n<p>Nom du guide (si applicable)\n<\/p>\n<p><span class=\"wpcf7-form-control-wrap\" data-name=\"tour-guide\"><input size=\"40\" maxlength=\"400\" class=\"wpcf7-form-control wpcf7-text\" aria-invalid=\"false\" value=\"\" type=\"text\" name=\"tour-guide\" \/><\/span>\n<\/p>\n<p>Comment avez-vous trouv\u00e9 l\u2019entreprise de visite guid\u00e9e?\n<\/p>\n<p><span class=\"wpcf7-form-control-wrap\" data-name=\"checkbox-how-did-you-find-us\"><span class=\"wpcf7-form-control wpcf7-checkbox\"><span class=\"wpcf7-list-item first\"><input type=\"checkbox\" name=\"checkbox-how-did-you-find-us[]\" value=\"Je suis d\u00e9j\u00e0 client de Guiding Architects\" \/><span class=\"wpcf7-list-item-label\">Je suis d\u00e9j\u00e0 client de Guiding Architects<\/span><\/span><span class=\"wpcf7-list-item\"><input type=\"checkbox\" name=\"checkbox-how-did-you-find-us[]\" value=\"L\u2019entreprise de visites guides m\u2019a \u00e9t\u00e9 recommand\u00e9\" \/><span class=\"wpcf7-list-item-label\">L\u2019entreprise de visites guides m\u2019a \u00e9t\u00e9 recommand\u00e9<\/span><\/span><span class=\"wpcf7-list-item\"><input type=\"checkbox\" name=\"checkbox-how-did-you-find-us[]\" value=\"Par www.guiding-architects.net\" \/><span class=\"wpcf7-list-item-label\">Par www.guiding-architects.net<\/span><\/span><span class=\"wpcf7-list-item\"><input type=\"checkbox\" name=\"checkbox-how-did-you-find-us[]\" value=\"Par le site internet de la destination\" \/><span class=\"wpcf7-list-item-label\">Par le site internet de la destination<\/span><\/span><span class=\"wpcf7-list-item last\"><input type=\"checkbox\" name=\"checkbox-how-did-you-find-us[]\" value=\"Autres\" \/><span class=\"wpcf7-list-item-label\">Autres<\/span><\/span><\/span><\/span>\n<\/p>\n<h4>\u00c9valuation\n<\/h4>\n<p>Comment classeriez-vous\u00a0la communication pendant les pr\u00e9parations de la visite?\n<\/p>\n<p><span class=\"wpcf7-form-control-wrap\" data-name=\"radio-pre-tour\"><span class=\"wpcf7-form-control wpcf7-radio\"><span class=\"wpcf7-list-item first\"><input type=\"radio\" name=\"radio-pre-tour\" value=\"Excellent\" \/><span class=\"wpcf7-list-item-label\">Excellent<\/span><\/span><span class=\"wpcf7-list-item\"><input type=\"radio\" name=\"radio-pre-tour\" value=\"Tr\u00e8s bien\" \/><span class=\"wpcf7-list-item-label\">Tr\u00e8s bien<\/span><\/span><span class=\"wpcf7-list-item\"><input type=\"radio\" name=\"radio-pre-tour\" value=\"Bien\" \/><span class=\"wpcf7-list-item-label\">Bien<\/span><\/span><span class=\"wpcf7-list-item\"><input type=\"radio\" name=\"radio-pre-tour\" value=\"Acceptable\" \/><span class=\"wpcf7-list-item-label\">Acceptable<\/span><\/span><span class=\"wpcf7-list-item\"><input type=\"radio\" name=\"radio-pre-tour\" value=\"Mauvais\" \/><span class=\"wpcf7-list-item-label\">Mauvais<\/span><\/span><span class=\"wpcf7-list-item last\"><input type=\"radio\" name=\"radio-pre-tour\" value=\"Pas applicable\" \/><span class=\"wpcf7-list-item-label\">Pas applicable<\/span><\/span><\/span><\/span>\n<\/p>\n<p>Comment classeriez-vous la visite guid\u00e9e m\u00eame\n<\/p>\n<p><span class=\"wpcf7-form-control-wrap\" data-name=\"radio-tour\"><span class=\"wpcf7-form-control wpcf7-radio\"><span class=\"wpcf7-list-item first\"><input type=\"radio\" name=\"radio-tour\" value=\"Excellent\" \/><span class=\"wpcf7-list-item-label\">Excellent<\/span><\/span><span class=\"wpcf7-list-item\"><input type=\"radio\" name=\"radio-tour\" value=\"Tr\u00e8s bien\" \/><span class=\"wpcf7-list-item-label\">Tr\u00e8s bien<\/span><\/span><span class=\"wpcf7-list-item\"><input type=\"radio\" name=\"radio-tour\" value=\"Bien\" \/><span class=\"wpcf7-list-item-label\">Bien<\/span><\/span><span class=\"wpcf7-list-item\"><input type=\"radio\" name=\"radio-tour\" value=\"Acceptable\" \/><span class=\"wpcf7-list-item-label\">Acceptable<\/span><\/span><span class=\"wpcf7-list-item\"><input type=\"radio\" name=\"radio-tour\" value=\"Mauvais\" \/><span class=\"wpcf7-list-item-label\">Mauvais<\/span><\/span><span class=\"wpcf7-list-item last\"><input type=\"radio\" name=\"radio-tour\" value=\"Pas applicable\" \/><span class=\"wpcf7-list-item-label\">Pas applicable<\/span><\/span><\/span><\/span>\n<\/p>\n<p>Avec quelle\u00a0probabilit\u00e9 allez-vous\u00a0recommander Guiding Architects apr\u00e8s votre exp\u00e9rience?\n<\/p>\n<p><span class=\"wpcf7-form-control-wrap\" data-name=\"radio-recommend\"><span class=\"wpcf7-form-control wpcf7-radio\"><span class=\"wpcf7-list-item first\"><input type=\"radio\" name=\"radio-recommend\" value=\"Tr\u00e8s probablement\" \/><span class=\"wpcf7-list-item-label\">Tr\u00e8s probablement<\/span><\/span><span class=\"wpcf7-list-item\"><input type=\"radio\" name=\"radio-recommend\" value=\"Probalement\" \/><span class=\"wpcf7-list-item-label\">Probalement<\/span><\/span><span class=\"wpcf7-list-item last\"><input type=\"radio\" name=\"radio-recommend\" value=\"Improbablle\" \/><span class=\"wpcf7-list-item-label\">Improbablle<\/span><\/span><\/span><\/span>\n<\/p>\n<p>Commentaires et suggestion\n<\/p>\n<p><span class=\"wpcf7-form-control-wrap\" data-name=\"textarea-comments\"><textarea cols=\"40\" rows=\"10\" maxlength=\"2000\" class=\"wpcf7-form-control wpcf7-textarea\" aria-invalid=\"false\" name=\"textarea-comments\"><\/textarea><\/span>\n<\/p>\n<h4>Vos coordonn\u00e9es\n<\/h4>\n<p>Votre nom (obligatoire)\n<\/p>\n<p><span class=\"wpcf7-form-control-wrap\" data-name=\"your-name\"><input size=\"40\" maxlength=\"400\" class=\"wpcf7-form-control wpcf7-text wpcf7-validates-as-required\" aria-required=\"true\" aria-invalid=\"false\" value=\"\" type=\"text\" name=\"your-name\" \/><\/span>\n<\/p>\n<p>Votre entreprise ou organisation (obligatoire)\n<\/p>\n<p><span class=\"wpcf7-form-control-wrap\" data-name=\"your-company\"><input size=\"40\" maxlength=\"400\" class=\"wpcf7-form-control wpcf7-text wpcf7-validates-as-required\" aria-required=\"true\" aria-invalid=\"false\" value=\"\" type=\"text\" name=\"your-company\" \/><\/span>\n<\/p>\n<p>Votre E-Mail (obligatoire)\n<\/p>\n<p><span class=\"wpcf7-form-control-wrap\" data-name=\"your-email\"><input size=\"40\" maxlength=\"400\" class=\"wpcf7-form-control wpcf7-email wpcf7-validates-as-required wpcf7-text wpcf7-validates-as-email\" aria-required=\"true\" aria-invalid=\"false\" value=\"\" type=\"email\" name=\"your-email\" \/><\/span>\n<\/p>\n<p>Num\u00e9ro de t\u00e9l\u00e9phone\n<\/p>\n<p><span class=\"wpcf7-form-control-wrap\" data-name=\"your-phone\"><input size=\"40\" maxlength=\"400\" class=\"wpcf7-form-control wpcf7-text\" aria-invalid=\"false\" value=\"\" type=\"text\" name=\"your-phone\" \/><\/span>\n<\/p>\n<p><span id=\"wpcf7-69d67e03d7cad-wrapper\" class=\"wpcf7-form-control-wrap website-url-wrap\" style=\"display:none !important; visibility:hidden !important;\"><label for=\"wpcf7-69d67e03d7cad-field\" class=\"hp-message\">Please leave this field empty.<\/label><input id=\"wpcf7-69d67e03d7cad-field\"  class=\"wpcf7-form-control wpcf7-text\" type=\"text\" name=\"website-url\" value=\"\" size=\"40\" tabindex=\"-1\" autocomplete=\"new-password\" \/><\/span>\n<\/p>\n<p><span class=\"wpcf7-form-control-wrap\" data-name=\"testimonial-authorization\"><span class=\"wpcf7-form-control wpcf7-checkbox\"><span class=\"wpcf7-list-item first last\"><input type=\"checkbox\" name=\"testimonial-authorization[]\" value=\"J&#039;autorise la publications de mes commentaires sur votre site internet.\" \/><span class=\"wpcf7-list-item-label\">J&#039;autorise la publications de mes commentaires sur votre site internet.<\/span><\/span><\/span><\/span>\n<\/p>\n<p><span class=\"wpcf7-form-control-wrap\" data-name=\"gdpr-consent\"><span class=\"wpcf7-form-control wpcf7-acceptance\"><span class=\"wpcf7-list-item\"><label><input type=\"checkbox\" name=\"gdpr-consent\" value=\"1\" aria-invalid=\"false\" \/><span class=\"wpcf7-list-item-label\">J'ai lu la r\u00e9glementation sur la protection des donn\u00e9es de Guiding Architects.<span class=\"required\">*<\/span><\/span><\/label><\/span><\/span><\/span>\n<\/p>\n<p><span class=\"wpcf7-form-control-wrap\" data-name=\"newsletter-opt-in\"><span class=\"wpcf7-form-control wpcf7-checkbox\"><span class=\"wpcf7-list-item first last\"><input type=\"checkbox\" name=\"newsletter-opt-in[]\" value=\"Je souhaite m&#039;abonner \u00e0 la newsletter de Guiding Architects.\" \/><span class=\"wpcf7-list-item-label\">Je souhaite m&#039;abonner \u00e0 la newsletter de Guiding Architects.<\/span><\/span><\/span><\/span>\n<\/p>\n<p><input class=\"wpcf7-form-control wpcf7-submit has-spinner\" type=\"submit\" value=\"Envoyer\" \/>\n<\/p><p style=\"display: none !important;\" class=\"akismet-fields-container\" data-prefix=\"_wpcf7_ak_\"><label>&#916;<textarea name=\"_wpcf7_ak_hp_textarea\" cols=\"45\" rows=\"8\" maxlength=\"100\"><\/textarea><\/label><input type=\"hidden\" id=\"ak_js_1\" name=\"_wpcf7_ak_js\" value=\"200\"\/><script>document.getElementById( \"ak_js_1\" ).setAttribute( \"value\", ( new Date() ).getTime() );<\/script><\/p><div class=\"wpcf7-response-output\" aria-hidden=\"true\"><\/div>\n<\/form>\n<\/div>\n\n    <\/div>\n    <\/div>\n    <\/div>\n    <\/div>\n\n    <div class=\"shortcode_column pure-u-1-3 column column_last with-animation fade_in\" style=\"margin-top:0px; \" data-delay=\"200\">\n    <div class=\"inner\">\n    \n<div class=\"divider scale_init\" style=\"height:87px\" data-mobile-sf=\"80\" data-height=\"87\" data-state=\"0\"><\/div>\n<span class=\"etf header_font\" style=\"display:block;text-transform:uppercase;letter-spacing:1px;font-size:22px;line-height:31px;\">Formulaire de feedback<\/span>\n<div class=\"divider\" style=\"height:18px\"><\/div>\n<span class=\"etf body_font\" style=\"display:block;letter-spacing:0.2px;font-size:16px;line-height:25px;color:#777777;\">\n<p>La qualit\u00e9 des prestations offertes par nos membres est de premi\u00e8re importance pour Guiding Architects. Votre opinion est importante et nous esp\u00e9rons que nos visites guid\u00e9es ont r\u00e9pondu \u00e0 vos attentes. C&rsquo;est pourquoi nous vous prions de \u00a0nous faire savoir quelle a \u00e9t\u00e9 votre exp\u00e9rience personnelle du r\u00e9seau de Guiding Architects.<\/p>\n<\/span>\n\n    <\/div>\n    <\/div><div class=\"clear\"><\/div>\n<div class=\"divider scale_init\" style=\"height:174px\" data-mobile-sf=\"60\" data-height=\"174\" data-state=\"0\"><\/div>\n\n   <\/div>\n   <\/div>\n   \n   <\/div>\n   \n","protected":false},"excerpt":{"rendered":"Que pouvez-vous attendre d'un membre de guiding-architects? Une communication efficace et sans d\u00e9lai avant la visite. Un devis clair et pr\u00e9cis avec description de toutes les prestations propos\u00e9es. Un programme ...","protected":false},"author":2,"featured_media":0,"parent":0,"menu_order":0,"comment_status":"open","ping_status":"closed","template":"no-title-page.php","meta":{"_acf_changed":false,"footnotes":""},"class_list":["post-20844","page","type-page","status-publish","hentry"],"acf":[],"yoast_head":"<!-- This site is optimized with the Yoast SEO plugin v24.9 - https:\/\/yoast.com\/wordpress\/plugins\/seo\/ -->\n<title>Feedback - Guiding Architects<\/title>\n<meta name=\"robots\" content=\"index, follow, max-snippet:-1, max-image-preview:large, max-video-preview:-1\" \/>\n<link rel=\"canonical\" href=\"https:\/\/old.guiding-architects.net\/fr\/feedback\/\" \/>\n<meta property=\"og:locale\" content=\"fr_FR\" \/>\n<meta property=\"og:type\" content=\"article\" \/>\n<meta property=\"og:title\" content=\"Feedback - Guiding Architects\" \/>\n<meta property=\"og:url\" content=\"https:\/\/old.guiding-architects.net\/fr\/feedback\/\" \/>\n<meta property=\"og:site_name\" content=\"Guiding Architects\" \/>\n<meta property=\"article:publisher\" content=\"https:\/\/www.facebook.com\/guidingarchitects\" \/>\n<meta name=\"twitter:card\" content=\"summary_large_image\" \/>\n<meta name=\"twitter:site\" content=\"@guidingarchi\" \/>\n<meta name=\"twitter:label1\" content=\"Dur\u00e9e de lecture estim\u00e9e\" \/>\n\t<meta name=\"twitter:data1\" content=\"3 minutes\" \/>\n<script type=\"application\/ld+json\" class=\"yoast-schema-graph\">{\"@context\":\"https:\/\/schema.org\",\"@graph\":[{\"@type\":\"WebPage\",\"@id\":\"https:\/\/old.guiding-architects.net\/fr\/feedback\/\",\"url\":\"https:\/\/old.guiding-architects.net\/fr\/feedback\/\",\"name\":\"Feedback - Guiding Architects\",\"isPartOf\":{\"@id\":\"https:\/\/old.guiding-architects.net\/#website\"},\"datePublished\":\"2020-02-25T09:18:29+00:00\",\"breadcrumb\":{\"@id\":\"https:\/\/old.guiding-architects.net\/fr\/feedback\/#breadcrumb\"},\"inLanguage\":\"fr-FR\",\"potentialAction\":[{\"@type\":\"ReadAction\",\"target\":[\"https:\/\/old.guiding-architects.net\/fr\/feedback\/\"]}]},{\"@type\":\"BreadcrumbList\",\"@id\":\"https:\/\/old.guiding-architects.net\/fr\/feedback\/#breadcrumb\",\"itemListElement\":[{\"@type\":\"ListItem\",\"position\":1,\"name\":\"Home\",\"item\":\"https:\/\/old.guiding-architects.net\/fr\/\"},{\"@type\":\"ListItem\",\"position\":2,\"name\":\"Feedback\"}]},{\"@type\":\"WebSite\",\"@id\":\"https:\/\/old.guiding-architects.net\/#website\",\"url\":\"https:\/\/old.guiding-architects.net\/\",\"name\":\"Guiding Architects\",\"description\":\"Architecture Tours\",\"potentialAction\":[{\"@type\":\"SearchAction\",\"target\":{\"@type\":\"EntryPoint\",\"urlTemplate\":\"https:\/\/old.guiding-architects.net\/?s={search_term_string}\"},\"query-input\":{\"@type\":\"PropertyValueSpecification\",\"valueRequired\":true,\"valueName\":\"search_term_string\"}}],\"inLanguage\":\"fr-FR\"}]}<\/script>\n<!-- \/ Yoast SEO plugin. -->","yoast_head_json":{"title":"Feedback - Guiding Architects","robots":{"index":"index","follow":"follow","max-snippet":"max-snippet:-1","max-image-preview":"max-image-preview:large","max-video-preview":"max-video-preview:-1"},"canonical":"https:\/\/old.guiding-architects.net\/fr\/feedback\/","og_locale":"fr_FR","og_type":"article","og_title":"Feedback - Guiding Architects","og_url":"https:\/\/old.guiding-architects.net\/fr\/feedback\/","og_site_name":"Guiding Architects","article_publisher":"https:\/\/www.facebook.com\/guidingarchitects","twitter_card":"summary_large_image","twitter_site":"@guidingarchi","twitter_misc":{"Dur\u00e9e de lecture estim\u00e9e":"3 minutes"},"schema":{"@context":"https:\/\/schema.org","@graph":[{"@type":"WebPage","@id":"https:\/\/old.guiding-architects.net\/fr\/feedback\/","url":"https:\/\/old.guiding-architects.net\/fr\/feedback\/","name":"Feedback - Guiding Architects","isPartOf":{"@id":"https:\/\/old.guiding-architects.net\/#website"},"datePublished":"2020-02-25T09:18:29+00:00","breadcrumb":{"@id":"https:\/\/old.guiding-architects.net\/fr\/feedback\/#breadcrumb"},"inLanguage":"fr-FR","potentialAction":[{"@type":"ReadAction","target":["https:\/\/old.guiding-architects.net\/fr\/feedback\/"]}]},{"@type":"BreadcrumbList","@id":"https:\/\/old.guiding-architects.net\/fr\/feedback\/#breadcrumb","itemListElement":[{"@type":"ListItem","position":1,"name":"Home","item":"https:\/\/old.guiding-architects.net\/fr\/"},{"@type":"ListItem","position":2,"name":"Feedback"}]},{"@type":"WebSite","@id":"https:\/\/old.guiding-architects.net\/#website","url":"https:\/\/old.guiding-architects.net\/","name":"Guiding Architects","description":"Architecture Tours","potentialAction":[{"@type":"SearchAction","target":{"@type":"EntryPoint","urlTemplate":"https:\/\/old.guiding-architects.net\/?s={search_term_string}"},"query-input":{"@type":"PropertyValueSpecification","valueRequired":true,"valueName":"search_term_string"}}],"inLanguage":"fr-FR"}]}},"jetpack_sharing_enabled":true,"_links":{"self":[{"href":"https:\/\/old.guiding-architects.net\/fr\/wp-json\/wp\/v2\/pages\/20844"}],"collection":[{"href":"https:\/\/old.guiding-architects.net\/fr\/wp-json\/wp\/v2\/pages"}],"about":[{"href":"https:\/\/old.guiding-architects.net\/fr\/wp-json\/wp\/v2\/types\/page"}],"author":[{"embeddable":true,"href":"https:\/\/old.guiding-architects.net\/fr\/wp-json\/wp\/v2\/users\/2"}],"replies":[{"embeddable":true,"href":"https:\/\/old.guiding-architects.net\/fr\/wp-json\/wp\/v2\/comments?post=20844"}],"version-history":[{"count":1,"href":"https:\/\/old.guiding-architects.net\/fr\/wp-json\/wp\/v2\/pages\/20844\/revisions"}],"predecessor-version":[{"id":21075,"href":"https:\/\/old.guiding-architects.net\/fr\/wp-json\/wp\/v2\/pages\/20844\/revisions\/21075"}],"wp:attachment":[{"href":"https:\/\/old.guiding-architects.net\/fr\/wp-json\/wp\/v2\/media?parent=20844"}],"curies":[{"name":"wp","href":"https:\/\/api.w.org\/{rel}","templated":true}]}}