{"id":20321,"date":"2020-02-29T07:27:10","date_gmt":"2020-02-29T06:27:10","guid":{"rendered":"http:\/\/www.guiding-architects.net\/?page_id=20321"},"modified":"2025-01-15T14:42:25","modified_gmt":"2025-01-15T13:42:25","slug":"reseau","status":"publish","type":"page","link":"https:\/\/old.guiding-architects.net\/fr\/reseau\/","title":{"rendered":"R\u00e9seau"},"content":{"rendered":"<div class=\"full_width\">\n   <div class=\"full-width-section full-width-shortcode full-width-content padding_2_percent\"   style=\"padding-top: px;padding-bottom: px; background-color: #f5f5f5;\">\n   <div class=\"full-width-content-wrapper\" style=\"padding-left: 4%;padding-right: 4%;\">\n   \n\n    <div class=\"shortcode_column pure-u-1-3 column with-animation fade_in\" style=\"margin-top:0px; \">\n    <div class=\"inner\">\n    \n<div class=\"divider\" style=\"height:35px\"><\/div>\n<i class=\"fa fa-color fa-globe medium accent_color\" ><\/i><\/p>\n<h5 class=\"p1\">UN R\u00c9SEAU GLOBAL<\/h5>\n<div class=\"divider\" style=\"height:19px\"><\/div>\n<span class=\"etf body_font\" style=\"display:block;letter-spacing:0.2px;font-size:16px;line-height:25px;color:#777777;\"><strong>Guiding Architects est une association, \u00e9tablie \u00e0 Zurich. <\/strong>Fond\u00e9 en 1996, le r\u00e9seau croissait d&rsquo;une fa\u00e7on organique et informelle, avant de devenir une association en 2004. Les membres de Guiding Architects offrent des visites sp\u00e9cialis\u00e9es dans 42 villes et 22 pays.<\/span>\n\n    <\/div>\n    <\/div>\n\n    <div class=\"shortcode_column pure-u-1-3 column with-animation fade_in\" style=\"margin-top:0px; \" data-delay=\"150\">\n    <div class=\"inner\">\n    \n<div class=\"divider\" style=\"height:35px\"><\/div>\n<i class=\"fa fa-color fa-star medium accent_color\" ><\/i><\/p>\n<h5 class=\"p1\">EXPLOREZ LA VILLE AVEC UN ARCHITECTE<\/h5>\n<div class=\"divider\" style=\"height:19px\"><\/div>\n<span class=\"etf body_font\" style=\"display:block;letter-spacing:0.2px;font-size:16px;line-height:25px;color:#777777;\"><strong>Nos visites sont guid\u00e9es par des architectes ind\u00e9pendants et locaux qui sont passionn\u00e9s par leur ville.<\/strong> Chaque entreprise offre ses propres itin\u00e9raires sp\u00e9cialis\u00e9s et d\u00e9veloppe des visites \u00e0 m\u00e9sure selon vos int\u00e9r\u00eats.<\/span>\n\n    <\/div>\n    <\/div>\n\n    <div class=\"shortcode_column pure-u-1-3 column column_last with-animation fade_in\" style=\"margin-top:0px; \" data-delay=\"300\">\n    <div class=\"inner\">\n    \n<div class=\"divider\" style=\"height:35px\"><\/div>\n<i class=\"fa fa-color fa-university medium accent_color\" ><\/i><\/p>\n<h5 class=\"p1\">EN PLUS<\/h5>\n<div class=\"divider\" style=\"height:19px\"><\/div>\n<span class=\"etf body_font\" style=\"display:block;letter-spacing:0.2px;font-size:16px;line-height:25px;color:#777777;\"><strong>Nos membres aussi proposent des visites de plusieurs journ\u00e9es<\/strong>, y compris le transport, l&rsquo;accommodation et des r\u00e9servations de restaurant. \u00c0 part des visites guid\u00e9es, nous offrons aussi des conf\u00e9rences, \u00e9crivons des articles sp\u00e9cialis\u00e9s et organisons des workshops et des colloques.<\/span>\n\n    <\/div>\n    <\/div><div class=\"clear\"><\/div>\n<div class=\"divider scale_init\" style=\"height:35px\" data-mobile-sf=\"70\" data-height=\"35\" data-state=\"0\"><\/div>\n\n   <\/div>\n   <\/div>\n   \n   <\/div>\n   \n<div class=\"full_width\">\n   <div class=\"full-width-section full-width-shortcode full-width-content padding_2_percent\"   style=\"padding-top: px;padding-bottom: px;\">\n   <div class=\"full-width-content-wrapper\" style=\"padding-left: 4%;padding-right: 4%;\">\n   \n\n    <div class=\"shortcode_column pure-u-1-3 column\" style=\"margin-top:0px; \">\n    <div class=\"inner\">\n    \n\n    <div class=\"extra-content-column pure-u-1\"  style=\"padding-right: 1%;\">\n    <div class=\"inner\">\n    \n<div class=\"divider scale_init\" style=\"height:40px\" data-mobile-sf=\"60\" data-height=\"40\" data-state=\"0\"><\/div>\n\n    <div class=\"shortcode_column pure-u-1 column with-animation fade_in\"  style=\"margin-top:0px; \">\n    <div class=\"inner\">\n    \n<span class=\"etf body_font\" style=\"display:block;letter-spacing:-2px;font-size:64px;line-height:64px;\">42<\/span><span class=\"etf body_font\" style=\"letter-spacing:0.2px;font-size:16px;line-height:25px;\">destinations dans le monde<\/span>\n    <\/div>\n    <\/div><div class=\"clear\"><\/div>\n    <\/div>\n    <\/div>\n    <\/div>\n    <\/div>\n\n    <div class=\"shortcode_column pure-u-1-3 column\" style=\"margin-top:0px; \">\n    <div class=\"inner\">\n    \n\n    <div class=\"extra-content-column pure-u-1\"  style=\"padding-left: 1%;\">\n    <div class=\"inner\">\n    \n<div class=\"divider scale_init\" style=\"height:40px\" data-mobile-sf=\"60\" data-height=\"40\" data-state=\"0\"><\/div>\n\n    <div class=\"shortcode_column pure-u-1 column with-animation fade_in\"  style=\"margin-top:0px; \">\n    <div class=\"inner\">\n    \n<span class=\"etf body_font\" style=\"display:block;letter-spacing:-1px;font-size:64px;line-height:64px;\">1,294<\/span><span class=\"etf body_font\" style=\"letter-spacing:0.2px;font-size:16px;line-height:25px;\">visites en 2022<\/span>\n    <\/div>\n    <\/div><div class=\"clear\"><\/div>\n\n    <\/div>\n    <\/div>\n    <\/div>\n    <\/div>\n\n    <div class=\"shortcode_column pure-u-1-3 column column_last\" style=\"margin-top:0px; \">\n    <div class=\"inner\">\n    \n\n    <div class=\"extra-content-column pure-u-1\"  style=\"padding-left: 1%;\">\n    <div class=\"inner\">\n    \n<div class=\"divider scale_init\" style=\"height:40px\" data-mobile-sf=\"60\" data-height=\"40\" data-state=\"0\"><\/div>\n\n    <div class=\"shortcode_column pure-u-1 column with-animation fade_in\"  style=\"margin-top:0px; \">\n    <div class=\"inner\">\n    \n<span class=\"etf body_font\" style=\"display:block;letter-spacing:-1px;font-size:64px;line-height:64px;\">25,577<\/span><span class=\"etf body_font\" style=\"letter-spacing:0.2px;font-size:16px;line-height:25px;\">participants en 2022<\/span>\n    <\/div>\n    <\/div><div class=\"clear\"><\/div>\n\n    <\/div>\n    <\/div>\n    <\/div>\n    <\/div><div class=\"clear\"><\/div>\n<div class=\"divider scale_init\" style=\"height:40px\" data-mobile-sf=\"70\" data-height=\"40\" data-state=\"0\"><\/div>\n\n   <\/div>\n   <\/div>\n   \n   <\/div>\n   \n<div class=\"full_width\">\n   <div class=\"full-width-section full-width-shortcode full-width-content padding_2_percent\"   style=\"padding-top: px;padding-bottom: px;\">\n   <div class=\"full-width-content-wrapper\" style=\"\">\n   \n\n    <div class=\"extra-content-column pure-u-1\"  style=\"\">\n    <div class=\"inner\">\n    \n<div id=\"about_us_map\"><div id='map-canvas'><\/div><div id='project-marker-tooltip' ><\/div><\/div>\n\n    <\/div>\n    <\/div>\n\n   <\/div>\n   <\/div>\n   \n   <\/div>\n   \n<div class=\"full_width\">\n   <div class=\"full-width-section full-width-shortcode\"   style=\"padding-top: px;padding-bottom: px;\">\n   <div class=\"full-width-content-wrapper\" style=\"\">\n   \n<div class=\"divider scale_init\" style=\"height:114px\" data-mobile-sf=\"60\" data-height=\"114\" data-state=\"0\"><\/div>\n\n    <div class=\"shortcode_column pure-u-1-6 column column-empty\" style=\"margin-top:0px; \">\n    <div class=\"inner\">\n    &nbsp;\n    <\/div>\n    <\/div>\n    <div class=\"shortcode_column pure-u-2-3 column column_last with-animation fade_in\" style=\"margin-top:0px; \" data-delay=\"100\">\n    <div class=\"inner\">\n    \n<h4 style=\"text-align: center;\">\u00c9LOGES DES CLIENTS<\/h4>\n<div class=\"divider\" style=\"height:16px\"><\/div>\n\n\t\t\t\t<div class=\"happy-testimonials\">\n  \t\t\t\t<div class=\"swiper-container testimonials_sw black\" data-autoplay=\"7000\" data-pagination=\"bullets\">\n            <div class=\"swiper-wrapper\">\n <div class=\"swiper-slide\">\n                        <div class=\"quote-content\">\n                          <div class=\"quote-comment\">\u201cExceeded my expectations. The guide was very knowledgeable, approachable,\u00a0accomodating. I am now fascinated by the subject matter of ottoman and byzantine mosques.\u201d<\/div>\n                          <span class=\"quote-name\">Lance Stone (Istanbul, June 2015)<\/span>\n                        <\/div>\n                <\/div>\n <div class=\"swiper-slide\">\n                        <div class=\"quote-content\">\n                          <div class=\"quote-comment\">\u201cThe participants were blown away. They had never experienced such a good architecture tour before!\u201d<\/div>\n                          <span class=\"quote-name\">Edward Lifson, The Pritzker Prize (Amsterdam, June 2014)<\/span>\n                        <\/div>\n                <\/div>\n <div class=\"swiper-slide\">\n                        <div class=\"quote-content\">\n                          <div class=\"quote-comment\">\u201cJust a little note to say thank you for your services. (&#8230;) We&rsquo;ve all learned a lot about Berlin and about architectural theory and history, we&rsquo;ve been well looked after and feel that a return to Berlin should happen soon.\u201d<\/div>\n                          <span class=\"quote-name\">SUSANNE WILBERG, ARCHUS ARCHITEKTEN (Berlin, October 2011) <\/span>\n                        <\/div>\n                <\/div>\n <div class=\"swiper-slide\">\n                        <div class=\"quote-content\">\n                          <div class=\"quote-comment\">\u201cIt was very refreshing to have a tour presented by an architect for architects. In the past, during our previous office trips to many other cities in North America we have tried to find similar tours and we never really found anything like it.\u201d<\/div>\n                          <span class=\"quote-name\">JEFF CHAPUT, BARRY J. HOBIN &amp; ASSOCIATES ARCHITECTS (Madrid, 2014)<\/span>\n                        <\/div>\n                <\/div>\n <div class=\"swiper-slide\">\n                        <div class=\"quote-content\">\n                          <div class=\"quote-comment\">\u201cPerfectly planned and with great knowledge Werner guided us through Madrid with architecture eyes. Excellent. A pity we only had your company for 5 hours!\u201d<\/div>\n                          <span class=\"quote-name\">MARCUS, NORCONSULT (Madrid, 2014)<\/span>\n                        <\/div>\n                <\/div>\n <div class=\"swiper-slide\">\n                        <div class=\"quote-content\">\n                          <div class=\"quote-comment\">\u201cYet again, the combination of building visits and visits to architecture and design offices in Copenhagen proved a great mix!\u201d<\/div>\n                          <span class=\"quote-name\">Claudia Epple, erleben! Reisen + Events (Copenhagen, 2014)<\/span>\n                        <\/div>\n                <\/div>\n <div class=\"swiper-slide\">\n                        <div class=\"quote-content\">\n                          <div class=\"quote-comment\">\u201cAs this was my first architecture tour with GA I was not certain what to expect and was worried that the tour would be too architecturally centred. \u00a0This was not the case. Arne did a wonderful job of combining architecturally interesting sites with historical relevant locales, and with city features not readily accessible to the average tourist.\u201d<\/div>\n                          <span class=\"quote-name\">Dr. Mark Neeser, European Southern Observatory (Budapest, April 2015)<\/span>\n                        <\/div>\n                <\/div>\n <div class=\"swiper-slide\">\n                        <div class=\"quote-content\">\n                          <div class=\"quote-comment\">\u201cThe selection\u00a0of projects\u00a0and their presentation left no question unanswered. Building methods and historical, architectural and social context were all presented in a more than\u00a0satisfactory manner. Thank you so much!\u201d<\/div>\n                          <span class=\"quote-name\">Rodolfo Nogales, gna Grimbacher Nogales Architekten (Barcelona, April 2015)<\/span>\n                        <\/div>\n                <\/div>\n <div class=\"swiper-slide\">\n                        <div class=\"quote-content\">\n                          <div class=\"quote-comment\">\u201cWe had a great time in Amsterdam.\u00a0The information and presentation materials were excellent. The maps and floor plans gave us insight into the evolution of Amsterdam as well as the designs of the buildings.\u201d<\/div>\n                          <span class=\"quote-name\">Joseph Ngui (Amsterdam, June 2015)<\/span>\n                        <\/div>\n                <\/div>\n <div class=\"swiper-slide\">\n                        <div class=\"quote-content\">\n                          <div class=\"quote-comment\">\u201cThe two very good and interesting tours made us understand Prague much better. Very recommendable!\u201d<\/div>\n                          <span class=\"quote-name\">Ingo Gralka, Bund Deutscher Baumeister (Prague, May 2015)<\/span>\n                        <\/div>\n                <\/div>\n<\/div>\n            <div class=\"pagination-bullets\"><\/div>\n  \t\t\t\t<\/div>\n\t\t\t  <\/div>\n       \n    <\/div>\n    <\/div><div class=\"clear\"><\/div>\n<div class=\"divider scale_init\" style=\"height:126px\" data-mobile-sf=\"60\" data-height=\"126\" data-state=\"0\"><\/div>\n\n   <\/div>\n   <\/div>\n   \n   <\/div>\n   \n","protected":false},"excerpt":{"rendered":"","protected":false},"author":2,"featured_media":0,"parent":0,"menu_order":0,"comment_status":"open","ping_status":"closed","template":"no-title-page.php","meta":{"_acf_changed":false,"footnotes":""},"class_list":["post-20321","page","type-page","status-publish","hentry"],"acf":[],"yoast_head":"<!-- This site is optimized with the Yoast SEO plugin v24.9 - https:\/\/yoast.com\/wordpress\/plugins\/seo\/ -->\n<title>Guiding Architects Network<\/title>\n<meta name=\"description\" content=\"Guiding Architects offers high quality tours all over the world, guided by local architects. Unique tours presented in an enjoyable and informative way.\" \/>\n<meta name=\"robots\" content=\"index, follow, max-snippet:-1, max-image-preview:large, max-video-preview:-1\" \/>\n<link rel=\"canonical\" href=\"https:\/\/old.guiding-architects.net\/fr\/reseau\/\" \/>\n<meta property=\"og:locale\" content=\"fr_FR\" \/>\n<meta property=\"og:type\" content=\"article\" \/>\n<meta property=\"og:title\" content=\"Guiding Architects Network\" \/>\n<meta property=\"og:description\" content=\"Guiding Architects offers high quality tours all over the world, guided by local architects. Unique tours presented in an enjoyable and informative way.\" \/>\n<meta property=\"og:url\" content=\"https:\/\/old.guiding-architects.net\/fr\/reseau\/\" \/>\n<meta property=\"og:site_name\" content=\"Guiding Architects\" \/>\n<meta property=\"article:publisher\" content=\"https:\/\/www.facebook.com\/guidingarchitects\" \/>\n<meta property=\"article:modified_time\" content=\"2025-01-15T13:42:25+00:00\" \/>\n<meta name=\"twitter:card\" content=\"summary_large_image\" \/>\n<meta name=\"twitter:site\" content=\"@guidingarchi\" \/>\n<meta name=\"twitter:label1\" content=\"Dur\u00e9e de lecture estim\u00e9e\" \/>\n\t<meta name=\"twitter:data1\" content=\"5 minutes\" \/>\n<script type=\"application\/ld+json\" class=\"yoast-schema-graph\">{\"@context\":\"https:\/\/schema.org\",\"@graph\":[{\"@type\":\"WebPage\",\"@id\":\"https:\/\/old.guiding-architects.net\/fr\/reseau\/\",\"url\":\"https:\/\/old.guiding-architects.net\/fr\/reseau\/\",\"name\":\"Guiding Architects Network\",\"isPartOf\":{\"@id\":\"https:\/\/old.guiding-architects.net\/#website\"},\"datePublished\":\"2020-02-29T06:27:10+00:00\",\"dateModified\":\"2025-01-15T13:42:25+00:00\",\"description\":\"Guiding Architects offers high quality tours all over the world, guided by local architects. Unique tours presented in an enjoyable and informative way.\",\"breadcrumb\":{\"@id\":\"https:\/\/old.guiding-architects.net\/fr\/reseau\/#breadcrumb\"},\"inLanguage\":\"fr-FR\",\"potentialAction\":[{\"@type\":\"ReadAction\",\"target\":[\"https:\/\/old.guiding-architects.net\/fr\/reseau\/\"]}]},{\"@type\":\"BreadcrumbList\",\"@id\":\"https:\/\/old.guiding-architects.net\/fr\/reseau\/#breadcrumb\",\"itemListElement\":[{\"@type\":\"ListItem\",\"position\":1,\"name\":\"Home\",\"item\":\"https:\/\/old.guiding-architects.net\/fr\/\"},{\"@type\":\"ListItem\",\"position\":2,\"name\":\"R\u00e9seau\"}]},{\"@type\":\"WebSite\",\"@id\":\"https:\/\/old.guiding-architects.net\/#website\",\"url\":\"https:\/\/old.guiding-architects.net\/\",\"name\":\"Guiding Architects\",\"description\":\"Architecture Tours\",\"potentialAction\":[{\"@type\":\"SearchAction\",\"target\":{\"@type\":\"EntryPoint\",\"urlTemplate\":\"https:\/\/old.guiding-architects.net\/?s={search_term_string}\"},\"query-input\":{\"@type\":\"PropertyValueSpecification\",\"valueRequired\":true,\"valueName\":\"search_term_string\"}}],\"inLanguage\":\"fr-FR\"}]}<\/script>\n<!-- \/ Yoast SEO plugin. -->","yoast_head_json":{"title":"Guiding Architects Network","description":"Guiding Architects offers high quality tours all over the world, guided by local architects. Unique tours presented in an enjoyable and informative way.","robots":{"index":"index","follow":"follow","max-snippet":"max-snippet:-1","max-image-preview":"max-image-preview:large","max-video-preview":"max-video-preview:-1"},"canonical":"https:\/\/old.guiding-architects.net\/fr\/reseau\/","og_locale":"fr_FR","og_type":"article","og_title":"Guiding Architects Network","og_description":"Guiding Architects offers high quality tours all over the world, guided by local architects. Unique tours presented in an enjoyable and informative way.","og_url":"https:\/\/old.guiding-architects.net\/fr\/reseau\/","og_site_name":"Guiding Architects","article_publisher":"https:\/\/www.facebook.com\/guidingarchitects","article_modified_time":"2025-01-15T13:42:25+00:00","twitter_card":"summary_large_image","twitter_site":"@guidingarchi","twitter_misc":{"Dur\u00e9e de lecture estim\u00e9e":"5 minutes"},"schema":{"@context":"https:\/\/schema.org","@graph":[{"@type":"WebPage","@id":"https:\/\/old.guiding-architects.net\/fr\/reseau\/","url":"https:\/\/old.guiding-architects.net\/fr\/reseau\/","name":"Guiding Architects Network","isPartOf":{"@id":"https:\/\/old.guiding-architects.net\/#website"},"datePublished":"2020-02-29T06:27:10+00:00","dateModified":"2025-01-15T13:42:25+00:00","description":"Guiding Architects offers high quality tours all over the world, guided by local architects. Unique tours presented in an enjoyable and informative way.","breadcrumb":{"@id":"https:\/\/old.guiding-architects.net\/fr\/reseau\/#breadcrumb"},"inLanguage":"fr-FR","potentialAction":[{"@type":"ReadAction","target":["https:\/\/old.guiding-architects.net\/fr\/reseau\/"]}]},{"@type":"BreadcrumbList","@id":"https:\/\/old.guiding-architects.net\/fr\/reseau\/#breadcrumb","itemListElement":[{"@type":"ListItem","position":1,"name":"Home","item":"https:\/\/old.guiding-architects.net\/fr\/"},{"@type":"ListItem","position":2,"name":"R\u00e9seau"}]},{"@type":"WebSite","@id":"https:\/\/old.guiding-architects.net\/#website","url":"https:\/\/old.guiding-architects.net\/","name":"Guiding Architects","description":"Architecture Tours","potentialAction":[{"@type":"SearchAction","target":{"@type":"EntryPoint","urlTemplate":"https:\/\/old.guiding-architects.net\/?s={search_term_string}"},"query-input":{"@type":"PropertyValueSpecification","valueRequired":true,"valueName":"search_term_string"}}],"inLanguage":"fr-FR"}]}},"jetpack_sharing_enabled":true,"_links":{"self":[{"href":"https:\/\/old.guiding-architects.net\/fr\/wp-json\/wp\/v2\/pages\/20321"}],"collection":[{"href":"https:\/\/old.guiding-architects.net\/fr\/wp-json\/wp\/v2\/pages"}],"about":[{"href":"https:\/\/old.guiding-architects.net\/fr\/wp-json\/wp\/v2\/types\/page"}],"author":[{"embeddable":true,"href":"https:\/\/old.guiding-architects.net\/fr\/wp-json\/wp\/v2\/users\/2"}],"replies":[{"embeddable":true,"href":"https:\/\/old.guiding-architects.net\/fr\/wp-json\/wp\/v2\/comments?post=20321"}],"version-history":[{"count":9,"href":"https:\/\/old.guiding-architects.net\/fr\/wp-json\/wp\/v2\/pages\/20321\/revisions"}],"predecessor-version":[{"id":35528,"href":"https:\/\/old.guiding-architects.net\/fr\/wp-json\/wp\/v2\/pages\/20321\/revisions\/35528"}],"wp:attachment":[{"href":"https:\/\/old.guiding-architects.net\/fr\/wp-json\/wp\/v2\/media?parent=20321"}],"curies":[{"name":"wp","href":"https:\/\/api.w.org\/{rel}","templated":true}]}}